{"id":577,"date":"2025-03-14T09:36:26","date_gmt":"2025-03-14T08:36:26","guid":{"rendered":"https:\/\/hotelstellamaris.nl\/?page_id=577"},"modified":"2026-03-31T09:49:23","modified_gmt":"2026-03-31T07:49:23","slug":"comer-beber","status":"publish","type":"page","link":"https:\/\/hotelstellamaris.nl\/es\/eat-drink\/","title":{"rendered":"Comer y beber"},"content":{"rendered":"<div data-elementor-type=\"wp-page\" data-elementor-id=\"577\" class=\"elementor elementor-577\" data-elementor-post-type=\"page\">\n\t\t\t\t<div class=\"elementor-element elementor-element-3fc40982 e-flex e-con-boxed elementor-invisible e-con e-parent\" data-id=\"3fc40982\" data-element_type=\"container\" data-e-type=\"container\" data-settings=\"{&quot;background_background&quot;:&quot;classic&quot;,&quot;animation&quot;:&quot;fadeIn&quot;,&quot;jet_parallax_layout_list&quot;:[]}\">\n\t\t\t\t\t<div class=\"e-con-inner\">\n\t\t<div class=\"elementor-element elementor-element-43d8f426 e-con-full e-flex e-con e-child\" data-id=\"43d8f426\" data-element_type=\"container\" data-e-type=\"container\" data-settings=\"{&quot;jet_parallax_layout_list&quot;:[]}\">\n\t\t\t\t<div class=\"elementor-element elementor-element-1365737f elementor-invisible elementor-widget elementor-widget-heading\" data-id=\"1365737f\" data-element_type=\"widget\" data-e-type=\"widget\" data-settings=\"{&quot;_animation&quot;:&quot;fadeInUp&quot;}\" data-widget_type=\"heading.default\">\n\t\t\t\t<div class=\"elementor-widget-container\">\n\t\t\t\t\t<h1 class=\"elementor-heading-title elementor-size-default\">Alrededores<\/h1>\t\t\t\t<\/div>\n\t\t\t\t<\/div>\n\t\t\t\t<\/div>\n\t\t\t\t\t<\/div>\n\t\t\t\t<\/div>\n\t\t<div class=\"elementor-element elementor-element-1d1e36d4 e-flex e-con-boxed e-con e-parent\" data-id=\"1d1e36d4\" data-element_type=\"container\" data-e-type=\"container\" data-settings=\"{&quot;jet_parallax_layout_list&quot;:[]}\">\n\t\t\t\t\t<div class=\"e-con-inner\">\n\t\t<div class=\"elementor-element elementor-element-78ed3d0b e-con-full e-flex e-con e-child\" data-id=\"78ed3d0b\" data-element_type=\"container\" data-e-type=\"container\" data-settings=\"{&quot;jet_parallax_layout_list&quot;:[]}\">\n\t\t\t\t<div class=\"elementor-element elementor-element-4b6f2e31 elementor-invisible elementor-widget elementor-widget-heading\" data-id=\"4b6f2e31\" data-element_type=\"widget\" data-e-type=\"widget\" data-settings=\"{&quot;_animation&quot;:&quot;fadeInUp&quot;}\" data-widget_type=\"heading.default\">\n\t\t\t\t<div class=\"elementor-widget-container\">\n\t\t\t\t\t<h2 class=\"elementor-heading-title elementor-size-default\">Comer y beber<\/h2>\t\t\t\t<\/div>\n\t\t\t\t<\/div>\n\t\t\t\t<div class=\"elementor-element elementor-element-1d7402a4 elementor-invisible elementor-widget elementor-widget-text-editor\" data-id=\"1d7402a4\" data-element_type=\"widget\" data-e-type=\"widget\" data-settings=\"{&quot;_animation&quot;:&quot;fadeInUp&quot;}\" data-widget_type=\"text-editor.default\">\n\t\t\t\t<div class=\"elementor-widget-container\">\n\t\t\t\t\t\t\t\t\t<p><span style=\"color: #000000;\">Para conocer los mejores restaurantes locales, consulte\u00a0<span style=\"text-decoration: underline;\"><a style=\"color: #000000; text-decoration: underline;\" href=\"http:\/\/www.lestables.nl\/\" target=\"_blank\" rel=\"noopener\">www.lestables.nl<\/a><\/span>. <\/span><span style=\"color: #000000;\">Este restaurante se perfila con el eslogan: Eat Where The Locals Meet....\u00a1Qu\u00e9 mejor que ir donde est\u00e1n los lugare\u00f1os! Disfrute de una hospitalidad de calidad y con car\u00e1cter. Con 25 restaurantes diferentes, siempre encontrar\u00e1 un momento y un sabor que se adapte a usted con esa aut\u00e9ntica sensaci\u00f3n de Maastricht.\u00a0<\/span><\/p><p><span style=\"color: #000000;\">Para propiedades de gama alta tanto en Maastricht como en sus alrededores, eche un vistazo a:\u00a0<span style=\"text-decoration: underline;\"><a style=\"color: #000000; text-decoration: underline;\" href=\"http:\/\/www.maastrichtheuvelland.com\/\" target=\"_blank\" rel=\"noopener\">www.maastrichtheuvelland.com<\/a><\/span>. Maastricht Heuvelland Culinary<strong>\u00a0<\/strong>es sin\u00f3nimo de: Calidad refinada, firma propia y experiencia completa.\u00a0<\/span><\/p>\t\t\t\t\t\t\t\t<\/div>\n\t\t\t\t<\/div>\n\t\t\t\t<\/div>\n\t\t<div class=\"elementor-element elementor-element-5f2e5fe e-con-full elementor-hidden-tablet e-flex e-con e-child\" data-id=\"5f2e5fe\" data-element_type=\"container\" data-e-type=\"container\" data-settings=\"{&quot;jet_parallax_layout_list&quot;:[]}\">\n\t\t\t\t<div class=\"elementor-element elementor-element-93f1452 elementor-widget elementor-widget-image\" data-id=\"93f1452\" data-element_type=\"widget\" data-e-type=\"widget\" data-widget_type=\"image.default\">\n\t\t\t\t<div class=\"elementor-widget-container\">\n\t\t\t\t\t\t\t\t\t\t\t\t\t\t\t<img fetchpriority=\"high\" decoding=\"async\" width=\"683\" height=\"1024\" src=\"https:\/\/hotelstellamaris.nl\/wp-content\/uploads\/2025\/03\/eat-drink-683x1024.jpeg\" class=\"attachment-large size-large wp-image-582\" alt=\"\" srcset=\"https:\/\/hotelstellamaris.nl\/wp-content\/uploads\/2025\/03\/eat-drink-683x1024.jpeg 683w, https:\/\/hotelstellamaris.nl\/wp-content\/uploads\/2025\/03\/eat-drink-200x300.jpeg 200w, https:\/\/hotelstellamaris.nl\/wp-content\/uploads\/2025\/03\/eat-drink-768x1151.jpeg 768w, https:\/\/hotelstellamaris.nl\/wp-content\/uploads\/2025\/03\/eat-drink.jpeg 854w\" sizes=\"(max-width: 683px) 100vw, 683px\" title=\"\">\t\t\t\t\t\t\t\t\t\t\t\t\t\t\t<\/div>\n\t\t\t\t<\/div>\n\t\t\t\t<\/div>\n\t\t\t\t\t<\/div>\n\t\t\t\t<\/div>\n\t\t\t\t<\/div>","protected":false},"excerpt":{"rendered":"<p>Omgeving Eat &amp; Drink Voor de beste lokale restaurants kijkt u op\u00a0www.lestables.nl. Deze restaurant profileren zich met de slogan: Eat Where The Locals Meet\u2026.Wat is er nu beter dan daar te gaan waar de locals zich bevinden! Geniet van kwaliteitshoreca met karakter. Met 25 verschillende restaurants vind je altijd wel een moment \u00e9n smaak die [&hellip;]<\/p>\n","protected":false},"author":1,"featured_media":0,"parent":0,"menu_order":0,"comment_status":"closed","ping_status":"closed","template":"elementor_header_footer","meta":{"footnotes":""},"class_list":["post-577","page","type-page","status-publish","hentry"],"_links":{"self":[{"href":"https:\/\/hotelstellamaris.nl\/es\/wp-json\/wp\/v2\/pages\/577","targetHints":{"allow":["GET"]}}],"collection":[{"href":"https:\/\/hotelstellamaris.nl\/es\/wp-json\/wp\/v2\/pages"}],"about":[{"href":"https:\/\/hotelstellamaris.nl\/es\/wp-json\/wp\/v2\/types\/page"}],"author":[{"embeddable":true,"href":"https:\/\/hotelstellamaris.nl\/es\/wp-json\/wp\/v2\/users\/1"}],"replies":[{"embeddable":true,"href":"https:\/\/hotelstellamaris.nl\/es\/wp-json\/wp\/v2\/comments?post=577"}],"version-history":[{"count":33,"href":"https:\/\/hotelstellamaris.nl\/es\/wp-json\/wp\/v2\/pages\/577\/revisions"}],"predecessor-version":[{"id":1271,"href":"https:\/\/hotelstellamaris.nl\/es\/wp-json\/wp\/v2\/pages\/577\/revisions\/1271"}],"wp:attachment":[{"href":"https:\/\/hotelstellamaris.nl\/es\/wp-json\/wp\/v2\/media?parent=577"}],"curies":[{"name":"wp","href":"https:\/\/api.w.org\/{rel}","templated":true}]}}